{"id":36,"date":"2020-11-30T20:20:47","date_gmt":"2020-11-30T19:20:47","guid":{"rendered":"http:\/\/ast-arci.ch\/arci\/?page_id=36"},"modified":"2026-04-28T22:04:21","modified_gmt":"2026-04-28T20:04:21","slug":"presentation","status":"publish","type":"page","link":"https:\/\/ast-arci.ch\/arci\/","title":{"rendered":"Pr\u00e9sentation"},"content":{"rendered":"\n<div class=\"wp-block-columns alignfull are-vertically-aligned-center has-text-color has-background is-layout-flex wp-container-core-columns-is-layout-9d6595d7 wp-block-columns-is-layout-flex\" style=\"color:#000000;background-color:#ffffff\"><\/div>\n\n\n\n<figure class=\"wp-block-image size-full is-resized\"><img loading=\"lazy\" decoding=\"async\" width=\"402\" height=\"213\" src=\"https:\/\/ast-arci.ch\/arci\/wp-content\/uploads\/sites\/3\/2023\/06\/Arci-Logo-AJ-Interieur-Rouge-2.jpg\" alt=\"\" class=\"wp-image-381\" style=\"width:325px;height:auto\" srcset=\"https:\/\/ast-arci.ch\/arci\/wp-content\/uploads\/sites\/3\/2023\/06\/Arci-Logo-AJ-Interieur-Rouge-2.jpg 402w, https:\/\/ast-arci.ch\/arci\/wp-content\/uploads\/sites\/3\/2023\/06\/Arci-Logo-AJ-Interieur-Rouge-2-300x159.jpg 300w\" sizes=\"auto, (max-width: 402px) 100vw, 402px\" \/><\/figure>\n\n\n\n<p>L&rsquo;Arci est un groupement professionnel sp\u00e9cialis\u00e9 de l&rsquo;industrie graphique, fond\u00e9 en 1944. Son objectif est de contribuer \u00e0 maintenir constamment la qualit\u00e9 des textes imprim\u00e9s dans notre pays, en sauvegardant la langue fran\u00e7aise et son bon usage.<\/p>\n\n\n\n<p>L&rsquo;Arci se consacre particuli\u00e8rement \u00e0 la formation et au perfectionnement de ses membres, ainsi qu&rsquo;\u00e0 la promotion et \u00e0 la d\u00e9fense de la profession.<\/p>\n\n\n\n<div class=\"wp-block-group\"><div class=\"wp-block-group__inner-container is-layout-constrained wp-block-group-is-layout-constrained\">\n<div class=\"wp-block-buttons is-content-justification-center is-layout-flex wp-container-core-buttons-is-layout-16018d1d wp-block-buttons-is-layout-flex\">\n<div class=\"wp-block-button is-style-outline is-style-outline--1\"><a class=\"wp-block-button__link wp-element-button\" href=\"https:\/\/ast-arci.ch\/arci\/archives\/category\/comite\" target=\"_blank\" rel=\"noreferrer noopener\">Nous contacter<\/a><\/div>\n<\/div>\n\n\n\n<div class=\"wp-block-buttons is-content-justification-center is-layout-flex wp-container-core-buttons-is-layout-16018d1d wp-block-buttons-is-layout-flex\">\n<div class=\"wp-block-button is-style-outline is-style-outline--2\"><a class=\"wp-block-button__link wp-element-button\" href=\"https:\/\/ast-arci.ch\/arci\/adhesion\" target=\"_blank\" rel=\"noreferrer noopener\">Nous rejoindre<\/a><\/div>\n<\/div>\n<\/div><\/div>\n\n\n\n<div class=\"wp-block-buttons is-content-justification-center is-layout-flex wp-container-core-buttons-is-layout-16018d1d wp-block-buttons-is-layout-flex\"><\/div>\n","protected":false},"excerpt":{"rendered":"<p>L&rsquo;Arci est un groupement professionnel sp\u00e9cialis\u00e9 de l&rsquo;industrie graphique, fond\u00e9 en 1944. Son objectif est de contribuer \u00e0 maintenir constamment la qualit\u00e9 des textes imprim\u00e9s dans notre pays, en sauvegardant la langue fran\u00e7aise et son bon usage. L&rsquo;Arci se consacre particuli\u00e8rement \u00e0 la formation et au perfectionnement de ses membres, ainsi qu&rsquo;\u00e0 la promotion et [&hellip;]<\/p>\n","protected":false},"author":1,"featured_media":0,"parent":0,"menu_order":0,"comment_status":"closed","ping_status":"closed","template":"","meta":{"footnotes":""},"class_list":["post-36","page","type-page","status-publish","hentry","post-preview"],"_links":{"self":[{"href":"https:\/\/ast-arci.ch\/arci\/wp-json\/wp\/v2\/pages\/36","targetHints":{"allow":["GET"]}}],"collection":[{"href":"https:\/\/ast-arci.ch\/arci\/wp-json\/wp\/v2\/pages"}],"about":[{"href":"https:\/\/ast-arci.ch\/arci\/wp-json\/wp\/v2\/types\/page"}],"author":[{"embeddable":true,"href":"https:\/\/ast-arci.ch\/arci\/wp-json\/wp\/v2\/users\/1"}],"replies":[{"embeddable":true,"href":"https:\/\/ast-arci.ch\/arci\/wp-json\/wp\/v2\/comments?post=36"}],"version-history":[{"count":36,"href":"https:\/\/ast-arci.ch\/arci\/wp-json\/wp\/v2\/pages\/36\/revisions"}],"predecessor-version":[{"id":778,"href":"https:\/\/ast-arci.ch\/arci\/wp-json\/wp\/v2\/pages\/36\/revisions\/778"}],"wp:attachment":[{"href":"https:\/\/ast-arci.ch\/arci\/wp-json\/wp\/v2\/media?parent=36"}],"curies":[{"name":"wp","href":"https:\/\/api.w.org\/{rel}","templated":true}]}}