{"id":96,"date":"2021-01-11T18:08:28","date_gmt":"2021-01-11T17:08:28","guid":{"rendered":"http:\/\/ast-arci.ch\/ast\/?page_id=96"},"modified":"2021-01-11T22:06:26","modified_gmt":"2021-01-11T21:06:26","slug":"page-daccueil","status":"publish","type":"page","link":"https:\/\/ast-arci.ch\/ast\/","title":{"rendered":"Pr\u00e9sentation"},"content":{"rendered":"\n<figure class=\"wp-block-image size-large is-resized\"><img loading=\"lazy\" decoding=\"async\" src=\"https:\/\/ast-arci.ch\/ast\/wp-content\/uploads\/sites\/2\/2020\/12\/logo-ast.jpg\" alt=\"\" class=\"wp-image-46\" width=\"252\" height=\"278\" srcset=\"https:\/\/ast-arci.ch\/ast\/wp-content\/uploads\/sites\/2\/2020\/12\/logo-ast.jpg 567w, https:\/\/ast-arci.ch\/ast\/wp-content\/uploads\/sites\/2\/2020\/12\/logo-ast-272x300.jpg 272w\" sizes=\"auto, (max-width: 252px) 100vw, 252px\" \/><\/figure>\n\n\n\n<p>L&rsquo;Association suisse des typographes (AST) est issue de la fusion entre l&rsquo;Association suisse des compositeurs \u00e0 la machine (ASCM) et l&rsquo;Union \u00e9ducative des typographes suisses (UEAG) en 1984. Le groupe de Lausanne de cette association regroupe des coll\u00e8gues de tous les cantons romands, sauf Gen\u00e8ve o\u00f9 il existe un groupe local.<\/p>\n\n\n\n<p>Depuis le 1er janvier 1999, date de la cr\u00e9ation de Comedia, les groupements techniques sont devenus autonomes par r\u00e9gion et l&rsquo;AST est devenue l&rsquo;association fa\u00eeti\u00e8re de l&rsquo;Arci au sens des statuts Comedia.<\/p>\n\n\n\n<p>L&rsquo;AST r\u00e9unit tous les professionnels du secteur pr\u00e9presse d\u00e9sireux d&rsquo;entretenir des liens d&rsquo;amiti\u00e9 confraternelle, et il n&rsquo;existe plus d&rsquo;obligation d&rsquo;\u00eatre membre du syndicat pour en faire partie, celui-ci n&rsquo;octroyant plus de subventions. Le groupe de Lausanne fonctionne de mani\u00e8re ind\u00e9pendante et encaisse une cotisation annuelle aupr\u00e8s de ses membres lui permettant de subvenir \u00e0 ses besoins.<\/p>\n","protected":false},"excerpt":{"rendered":"<p>L&rsquo;Association suisse des typographes (AST) est issue de la fusion entre l&rsquo;Association suisse des compositeurs \u00e0 la machine (ASCM) et l&rsquo;Union \u00e9ducative des typographes suisses (UEAG) en 1984. Le groupe de Lausanne de cette association regroupe des coll\u00e8gues de tous les cantons romands, sauf Gen\u00e8ve o\u00f9 il existe un groupe local. Depuis le 1er janvier [&hellip;]<\/p>\n","protected":false},"author":1,"featured_media":0,"parent":0,"menu_order":0,"comment_status":"closed","ping_status":"closed","template":"","meta":{"footnotes":""},"class_list":["post-96","page","type-page","status-publish","hentry","post-preview"],"_links":{"self":[{"href":"https:\/\/ast-arci.ch\/ast\/wp-json\/wp\/v2\/pages\/96","targetHints":{"allow":["GET"]}}],"collection":[{"href":"https:\/\/ast-arci.ch\/ast\/wp-json\/wp\/v2\/pages"}],"about":[{"href":"https:\/\/ast-arci.ch\/ast\/wp-json\/wp\/v2\/types\/page"}],"author":[{"embeddable":true,"href":"https:\/\/ast-arci.ch\/ast\/wp-json\/wp\/v2\/users\/1"}],"replies":[{"embeddable":true,"href":"https:\/\/ast-arci.ch\/ast\/wp-json\/wp\/v2\/comments?post=96"}],"version-history":[{"count":8,"href":"https:\/\/ast-arci.ch\/ast\/wp-json\/wp\/v2\/pages\/96\/revisions"}],"predecessor-version":[{"id":159,"href":"https:\/\/ast-arci.ch\/ast\/wp-json\/wp\/v2\/pages\/96\/revisions\/159"}],"wp:attachment":[{"href":"https:\/\/ast-arci.ch\/ast\/wp-json\/wp\/v2\/media?parent=96"}],"curies":[{"name":"wp","href":"https:\/\/api.w.org\/{rel}","templated":true}]}}